{"id":662,"date":"2020-05-07T01:04:16","date_gmt":"2020-05-07T04:04:16","guid":{"rendered":"https:\/\/danielgabarra.raqcord.com.br\/?page_id=662"},"modified":"2020-05-07T01:04:16","modified_gmt":"2020-05-07T04:04:16","slug":"pmpro-pagina-de-niveis-de-associacao","status":"publish","type":"page","link":"https:\/\/supervisao-online.com.br\/index.php\/pmpro-pagina-de-niveis-de-associacao\/","title":{"rendered":"pmpro &#8211; P\u00e1gina de n\u00edveis de associa\u00e7\u00e3o"},"content":{"rendered":"\n<p><em>[pmpro_levels]<\/em><\/p>\n","protected":false},"excerpt":{"rendered":"<p>[pmpro_levels]<\/p>\n","protected":false},"author":7,"featured_media":0,"parent":0,"menu_order":0,"comment_status":"closed","ping_status":"closed","template":"","meta":{"pmpro_default_level":"","footnotes":""},"class_list":["post-662","page","type-page","status-publish","hentry","pmpro-has-access"],"_links":{"self":[{"href":"https:\/\/supervisao-online.com.br\/index.php\/wp-json\/wp\/v2\/pages\/662","targetHints":{"allow":["GET"]}}],"collection":[{"href":"https:\/\/supervisao-online.com.br\/index.php\/wp-json\/wp\/v2\/pages"}],"about":[{"href":"https:\/\/supervisao-online.com.br\/index.php\/wp-json\/wp\/v2\/types\/page"}],"author":[{"embeddable":true,"href":"https:\/\/supervisao-online.com.br\/index.php\/wp-json\/wp\/v2\/users\/7"}],"replies":[{"embeddable":true,"href":"https:\/\/supervisao-online.com.br\/index.php\/wp-json\/wp\/v2\/comments?post=662"}],"version-history":[{"count":0,"href":"https:\/\/supervisao-online.com.br\/index.php\/wp-json\/wp\/v2\/pages\/662\/revisions"}],"wp:attachment":[{"href":"https:\/\/supervisao-online.com.br\/index.php\/wp-json\/wp\/v2\/media?parent=662"}],"curies":[{"name":"wp","href":"https:\/\/api.w.org\/{rel}","templated":true}]}}