{"id":35,"date":"2019-10-06T02:02:41","date_gmt":"2019-10-06T05:02:41","guid":{"rendered":"http:\/\/danielgabarra.raqcord.com.br\/?page_id=35"},"modified":"2026-01-31T11:43:32","modified_gmt":"2026-01-31T14:43:32","slug":"regras-do-grupo-de-supervisao","status":"publish","type":"page","link":"https:\/\/supervisao-online.com.br\/index.php\/regras-do-grupo-de-supervisao\/","title":{"rendered":"Planos"},"content":{"rendered":"<div class=\"wp-block-button\" style=\"text-align: center;\"><a class=\"wp-block-button__link has-white-color has-text-color has-background\" style=\"background-color: #69140f;\" href=\"https:\/\/supervisao-online.com.br\/wp-login.php?loginSocial=google&amp;redirect=http%3A%2F%2Fwww.supervisao-online.com.br%2Findex.php%2Fconta-de-associacao%2Fniveis-de-associacao%2F\">Clique aqui para Assinar um plano<\/a><\/div>\r\n\r\n<div class=\"snip1214\">\r\n<div class=\"plan\">\r\n<h3 class=\"plan-title\">Mensal<\/h3>\r\n<div class=\"plan-cost\"><span class=\"plan-price\">$150<\/span><span class=\"plan-type\">\/ Mensal<\/span><\/div>\r\n<ul class=\"plan-features\">\r\n<li>Pagamento recorrente pelo PagSeguro.<br \/>Voc\u00ea pode cancelar quando quiser;<\/li>\r\n<li>Ap\u00f3s 6 meses de contribui\u00e7\u00e3o*, voc\u00ea ganha 1 m\u00eas gr\u00e1tis ou uma (1) supervis\u00e3o (*Meses consecutivos com pagamento em dia e sem atraso);<\/li>\r\n<li>Acessar as supervis\u00f5es dos \u00faltimos 6 meses;<\/li>\r\n<li>Acompanhar todas as Supervis\u00f5es contratadas;<\/li>\r\n<li>Participar dos Encontros Abertos &#8211; Mentorias mensais para discuss\u00f5es te\u00f3ricas e considera\u00e7\u00f5es pontuais sobre casos;<\/li>\r\n<\/ul>\r\n<\/div>\r\n<div class=\"plan\">\r\n<h3 class=\"plan-title\">Anual<\/h3>\r\n<div class=\"plan-cost\"><span class=\"plan-price\">$120<\/span><span class=\"plan-type\">\/ Mensal<\/span><\/div>\r\n<ul class=\"plan-features\">\r\n<li>Pagamento anual \u00e0 vista;<br \/><br \/><\/li>\r\n<li>Tr\u00eas (3) supervis\u00f5es anuais dedicadas aos seus casos;<br \/><br \/><br \/><\/li>\r\n<li>Acessar as supervis\u00f5es dos \u00faltimos 6 meses;<\/li>\r\n<li>Acompanhar todas as Supervis\u00f5es contratadas;<\/li>\r\n<li>Participar dos Encontros Abertos &#8211; Mentorias mensais para discuss\u00f5es te\u00f3ricas e considera\u00e7\u00f5es pontuais sobre casos.<\/li>\r\n<\/ul>\r\n<\/div>\r\n<\/div>\r\n<div class=\"snip1214\">\r\n<div class=\"plan\">\r\n<h3 class=\"plan-titleb\">Supervis\u00e3o Avulsa<\/h3>\r\n<div class=\"plan-cost\"><span class=\"plan-price\">$200<\/span><span class=\"plan-type\">\/ \u00danica<\/span><\/div>\r\n<ul class=\"plan-features\">\r\n<li>Todos os planos podem contratar supervis\u00e3o de casos extra<\/li>\r\n<\/ul>\r\n<\/div>\r\n<div class=\"plan\" style=\"min-height: 240px;\">\r\n<h3 class=\"plan-titleb\">Visitante<\/h3>\r\n<div class=\"plan-cost\"><span class=\"plan-price\">GR\u00c1TIS<\/span><\/div>\r\n<ul class=\"plan-features\">\r\n<li>Acessar material para visitantes cadastrados.<\/li>\r\n<\/ul>\r\n<\/div>\r\n<\/div>\r\n\r\n<div class=\"wp-block-button\" style=\"text-align: center;\">\r\n\r\n<a class=\"wp-block-button__link has-white-color has-text-color has-background\" style=\"background-color: #69140f; margin-top: 60px;\" href=\"https:\/\/supervisao-online.com.br\/wp-login.php?loginSocial=google&amp;redirect=http%3A%2F%2Fwww.supervisao-online.com.br%2Findex.php%2Fconta-de-associacao%2Fniveis-de-associacao%2F\" rel=\"https:\/\/supervisao-online.com.br\/wp-login.php?action=logout\">Clique aqui para Assinar um plano<\/a>\r\n<\/div>\r\n<p>&nbsp;<\/p>\r\n","protected":false},"excerpt":{"rendered":"<p>Clique aqui para Assinar um plano Mensal $150\/ Mensal Pagamento recorrente pelo PagSeguro.Voc\u00ea pode cancelar quando quiser; Ap\u00f3s 6 meses de contribui\u00e7\u00e3o*, voc\u00ea ganha 1 m\u00eas gr\u00e1tis ou uma (1)&#8230;<\/p>\n","protected":false},"author":7,"featured_media":0,"parent":0,"menu_order":0,"comment_status":"closed","ping_status":"closed","template":"","meta":{"pmpro_default_level":"","footnotes":""},"class_list":["post-35","page","type-page","status-publish","hentry","pmpro-has-access"],"_links":{"self":[{"href":"https:\/\/supervisao-online.com.br\/index.php\/wp-json\/wp\/v2\/pages\/35","targetHints":{"allow":["GET"]}}],"collection":[{"href":"https:\/\/supervisao-online.com.br\/index.php\/wp-json\/wp\/v2\/pages"}],"about":[{"href":"https:\/\/supervisao-online.com.br\/index.php\/wp-json\/wp\/v2\/types\/page"}],"author":[{"embeddable":true,"href":"https:\/\/supervisao-online.com.br\/index.php\/wp-json\/wp\/v2\/users\/7"}],"replies":[{"embeddable":true,"href":"https:\/\/supervisao-online.com.br\/index.php\/wp-json\/wp\/v2\/comments?post=35"}],"version-history":[{"count":11,"href":"https:\/\/supervisao-online.com.br\/index.php\/wp-json\/wp\/v2\/pages\/35\/revisions"}],"predecessor-version":[{"id":2783,"href":"https:\/\/supervisao-online.com.br\/index.php\/wp-json\/wp\/v2\/pages\/35\/revisions\/2783"}],"wp:attachment":[{"href":"https:\/\/supervisao-online.com.br\/index.php\/wp-json\/wp\/v2\/media?parent=35"}],"curies":[{"name":"wp","href":"https:\/\/api.w.org\/{rel}","templated":true}]}}