{"id":27,"date":"2019-10-06T01:59:45","date_gmt":"2019-10-06T04:59:45","guid":{"rendered":"http:\/\/danielgabarra.raqcord.com.br\/?page_id=27"},"modified":"2019-10-06T01:59:45","modified_gmt":"2019-10-06T04:59:45","slug":"orientacoes-gerais","status":"publish","type":"page","link":"https:\/\/supervisao-online.com.br\/index.php\/orientacoes-gerais\/","title":{"rendered":"Orienta\u00e7\u00f5es Gerais &#8211; \u00c9tica e sigilo"},"content":{"rendered":"\n<p>Esse site existe para garantir a seguran\u00e7a e privacidade das informa\u00e7\u00f5es trocadas na supervis\u00e3o, afinal de contas,&nbsp;<strong>\u00e9tica e sigilo&nbsp;<\/strong>s\u00e3o conceitos-chave em nossa profiss\u00e3o.<\/p>\n\n\n\n<p><strong>Esse \u00e9 um processo de supervis\u00e3o em grupo, portanto tenha todo o cuidado de manter em sigilo qualquer dado que possa identificar seus clientes\/pacientes.<\/strong><\/p>\n\n\n\n<p>O processo pode parecer um pouco burocr\u00e1tico, mas lembrem-se, isso tudo \u00e9 para garantir a<strong>&nbsp;\u00e9tica e sigilo&nbsp;<\/strong>dos conte\u00fados e informa\u00e7\u00f5es trocadas em supervis\u00e3o.<\/p>\n","protected":false},"excerpt":{"rendered":"<p>Esse site existe para garantir a seguran\u00e7a e privacidade das informa\u00e7\u00f5es trocadas na supervis\u00e3o, afinal de contas,&nbsp;\u00e9tica e sigilo&nbsp;s\u00e3o conceitos-chave em nossa profiss\u00e3o. Esse \u00e9 um processo de supervis\u00e3o em&#8230;<\/p>\n","protected":false},"author":7,"featured_media":145,"parent":0,"menu_order":0,"comment_status":"closed","ping_status":"closed","template":"","meta":{"pmpro_default_level":"","footnotes":""},"class_list":["post-27","page","type-page","status-publish","has-post-thumbnail","hentry","pmpro-has-access"],"_links":{"self":[{"href":"https:\/\/supervisao-online.com.br\/index.php\/wp-json\/wp\/v2\/pages\/27","targetHints":{"allow":["GET"]}}],"collection":[{"href":"https:\/\/supervisao-online.com.br\/index.php\/wp-json\/wp\/v2\/pages"}],"about":[{"href":"https:\/\/supervisao-online.com.br\/index.php\/wp-json\/wp\/v2\/types\/page"}],"author":[{"embeddable":true,"href":"https:\/\/supervisao-online.com.br\/index.php\/wp-json\/wp\/v2\/users\/7"}],"replies":[{"embeddable":true,"href":"https:\/\/supervisao-online.com.br\/index.php\/wp-json\/wp\/v2\/comments?post=27"}],"version-history":[{"count":0,"href":"https:\/\/supervisao-online.com.br\/index.php\/wp-json\/wp\/v2\/pages\/27\/revisions"}],"wp:featuredmedia":[{"embeddable":true,"href":"https:\/\/supervisao-online.com.br\/index.php\/wp-json\/wp\/v2\/media\/145"}],"wp:attachment":[{"href":"https:\/\/supervisao-online.com.br\/index.php\/wp-json\/wp\/v2\/media?parent=27"}],"curies":[{"name":"wp","href":"https:\/\/api.w.org\/{rel}","templated":true}]}}